{"id":45,"date":"2024-12-16T13:15:00","date_gmt":"2024-12-16T13:15:00","guid":{"rendered":"https:\/\/fchi.org\/?page_id=45"},"modified":"2024-12-16T13:18:06","modified_gmt":"2024-12-16T13:18:06","slug":"como-trabajamos","status":"publish","type":"page","link":"https:\/\/fchi.org\/?page_id=45","title":{"rendered":"\u00bfC\u00f3mo Trabajamos?"},"content":{"rendered":"<p>A diferencia de una terapia psicoanal\u00edtica tradicional, el Coach Hol\u00edstico Integral se focaliza principalmente en el <span style=\"color: #99cc00;\"><strong>presente y el futuro<\/strong><\/span>, si es necesario conocer temas del pasado para poder cambiar el presente se trabajar\u00e1n tambi\u00e9n para entender que puede estar bloquando nuestro camino hacia el <strong><span style=\"color: #99cc00;\">bienestar y la felicidad<\/span><\/strong>.<\/p>\n<p>Otra caracter\u00edstica es que dependiendo cada caso se puede trabajar con un <span style=\"color: #99cc00;\"><strong>par de sesiones<\/strong><\/span> o con <strong><span style=\"color: #99cc00;\">hasta 6 meses de duraci\u00f3n<\/span><\/strong>.<\/p>\n<p>Tambi\u00e9n cabe destacar que empezar\u00e1s a <strong><span style=\"color: #99cc00;\">sentir y vivir los resultados desde las primeras sesiones<\/span><\/strong>.<\/p>\n<p>Y durante el proceso vas a alinearte con <strong><span style=\"color: #99cc00;\">tus prop\u00f3sitos de vida<\/span><\/strong> y vas a ir dando pasos hacia ellos adem\u00e1s de ir <strong><span style=\"color: #99cc00;\">entranando tu mente para tomar mejores decisiones<\/span><\/strong> y enfrentar mejor los desaf\u00edos que a todos nos tocan atravesar de una forma m\u00e1s efectiva para vos y tu entorno.<\/p>\n<p>Trabajamos con varias herramientas de coaching y hol\u00edsticas de forma integrada, para que el proceso sea a tu tiempo y con una <strong><span style=\"color: #99cc00;\">enorme sensaci\u00f3n de empoderamiento de tu vida!!!<\/span><\/strong><\/p>\n","protected":false},"excerpt":{"rendered":"<p>A diferencia de una terapia psicoanal\u00edtica tradicional, el Coach Hol\u00edstico Integral se focaliza principalmente en el presente y el futuro, si es necesario conocer temas del pasado para poder cambiar&hellip;<\/p>\n","protected":false},"author":1,"featured_media":48,"parent":0,"menu_order":0,"comment_status":"closed","ping_status":"closed","template":"","meta":{"footnotes":""},"class_list":["post-45","page","type-page","status-publish","has-post-thumbnail","hentry"],"jetpack_sharing_enabled":true,"_links":{"self":[{"href":"https:\/\/fchi.org\/index.php?rest_route=\/wp\/v2\/pages\/45","targetHints":{"allow":["GET"]}}],"collection":[{"href":"https:\/\/fchi.org\/index.php?rest_route=\/wp\/v2\/pages"}],"about":[{"href":"https:\/\/fchi.org\/index.php?rest_route=\/wp\/v2\/types\/page"}],"author":[{"embeddable":true,"href":"https:\/\/fchi.org\/index.php?rest_route=\/wp\/v2\/users\/1"}],"replies":[{"embeddable":true,"href":"https:\/\/fchi.org\/index.php?rest_route=%2Fwp%2Fv2%2Fcomments&post=45"}],"version-history":[{"count":1,"href":"https:\/\/fchi.org\/index.php?rest_route=\/wp\/v2\/pages\/45\/revisions"}],"predecessor-version":[{"id":46,"href":"https:\/\/fchi.org\/index.php?rest_route=\/wp\/v2\/pages\/45\/revisions\/46"}],"wp:featuredmedia":[{"embeddable":true,"href":"https:\/\/fchi.org\/index.php?rest_route=\/wp\/v2\/media\/48"}],"wp:attachment":[{"href":"https:\/\/fchi.org\/index.php?rest_route=%2Fwp%2Fv2%2Fmedia&parent=45"}],"curies":[{"name":"wp","href":"https:\/\/api.w.org\/{rel}","templated":true}]}}